{"id":249,"date":"2023-12-13T23:40:50","date_gmt":"2023-12-13T22:40:50","guid":{"rendered":"http:\/\/www.wydawnictwo.vipart.eu\/?post_type=product&#038;p=249"},"modified":"2023-12-13T23:48:29","modified_gmt":"2023-12-13T22:48:29","slug":"granda-w-gnieznie-rafal-wichniewicz","status":"publish","type":"product","link":"https:\/\/www.vipart.eu\/index.php\/produkt\/granda-w-gnieznie-rafal-wichniewicz\/","title":{"rendered":"Granda w Gnie\u017anie &#8211; Rafa\u0142 Wichniewicz"},"content":{"rendered":"<p>Kcy\u0144ska \u0141ata, Cierpi\u0119gi, \u201edzielnica \u015awi\u0119tokrzyska\u201d i Grzybowo, Szpitalna oraz Majdan. Co \u0142\u0105czy te wszystkie cz\u0119\u015bci mi\u0119dzywojennego Gniezna? W\u015br\u00f3d uczciwych, \u017cyj\u0105cych zgodnie z prawem mieszka\u0144c\u00f3w, pojawia\u0142y si\u0119 jednostki, kt\u00f3re budowa\u0142y negatywny obraz tych fyrtli, zapadaj\u0105cy w \u015bwiadomo\u015bci wszystkich na d\u0142ugie lata. Luje, ekensztejerzy i grasuj\u0105ce lontrusy przez lata tworzy\u0142y legendy, kt\u00f3re pokutuj\u0105 do dzisiaj. Napady, kradzie\u017ce, b\u00f3jki, awantury, nieliczenie si\u0119 z cudzym zdrowiem i \u017cyciem by\u0142o domen\u0105 tamtych czas\u00f3w, a pospolite bandyctwo grasuj\u0105ce na terenie miast i wsi by\u0142o wyzwaniem dla \u00f3wczesnych policjant\u00f3w. Zwykli mieszka\u0144cy musieli obserwowa\u0107 te sytuacje na ulicach i przez okna dom\u00f3w, nic nie mog\u0105c za to, \u017ce przysz\u0142o im \u017cy\u0107 w takich czasach\u2026<\/p>\n<p>Rok wydania: 2023<\/p>\n<p>Ok\u0142adka: mi\u0119kka<\/p>\n<p>Ilo\u015b\u0107 stron: 448<\/p>\n<p>ISBN: 978-83-956793-2-2<\/p>\n","protected":false},"excerpt":{"rendered":"<p>(&#8230;) Sprzeczka stawa\u0142a si\u0119 coraz ostrzejsza, a\u017c wreszcie trzech rzuci\u0142o si\u0119 na czwartego towarzysza i zacz\u0119\u0142o go zaciekle obija\u0107. Jak si\u0119 okaza\u0142o, b\u00f3jka wybuch\u0142a na tle \u201ekonkurencji\u201d podczas wypraw z\u0142odziejskich i \u201ewsypy\u201d przy jednem z dochodze\u0144 policyjnych. Pobity towarzysz zdo\u0142a\u0142 si\u0119 wreszcie wyrwa\u0107 z r\u0105k oprawc\u00f3w i gro\u017c\u0105c zemst\u0105, pobieg\u0142 w kierunku ul. Kcy\u0144skiej po swych kompan\u00f3w. Nie min\u0119\u0142o 10 minut, gdy ca\u0142a sz\u00f3stka napad\u0142a owych trzech oprawc\u00f3w i bij\u0105c ich niemi\u0142osiernie bra\u0142a odwet za pobicie \u201eswego\u201d. Lecz kr\u00f3tko trwa\u0142a ich rozkosz zemsty, bo oto<br \/>\nz ciemno\u015bci nocy wy\u0142oni\u0142o si\u0119 12 ciemnej konduity postaci i w mgnieniu oka otoczy\u0142a grup\u0119 bij\u0105cych si\u0119; byli to powiadomieni w niewiadomy spos\u00f3b towarzysze z dzielnicy \u015aw. Krzyskiej. Niebawem znalaz\u0142y si\u0119 w r\u0119kach walcz\u0105cych pa\u0142ki, kastety i no\u017ce i na dr\u00f3\u017cce pomi\u0119dzy ul. Kcy\u0144sk\u0105 a \u015bw. Krzysk\u0105 zawrza\u0142a dzika b\u00f3jka, w wyniku kt\u00f3rej s\u0142absi liczebnie osobnicy z dzielnicy Pozna\u0144skiej zmuszeni byli do ucieczki; za nimi za\u015b pogonili, wyj\u0105c z w\u015bciek\u0142o\u015bci \u201epogromcy\u201d. I rozpocz\u0119\u0142a si\u0119 zawzi\u0119ta gonitwa po pobliskich polach i moczarach a tylko krzyki obijanych pozwoli\u0142y si\u0119 zorjentowa\u0107 w sytuacji. Oko\u0142o godz. 24 wszystko si\u0119 uspokoi\u0142o, na dr\u00f3\u017cce pozostali \u201ezwyci\u0119zcy\u201d a zawadjackie \u015bpiewki i bezustanny rechot zam\u0105ca\u0142 jeszcze przez kr\u00f3tki czas nocn\u0105 cisz\u0119, wreszcie chuliganerja, upojona sukcesem \u201epowsi\u0105ka\u0142a\u201d w okolicznych norach.<\/p>\n","protected":false},"featured_media":248,"comment_status":"closed","ping_status":"closed","template":"","meta":{"om_disable_all_campaigns":false,"_monsterinsights_skip_tracking":false,"_monsterinsights_sitenote_active":false,"_monsterinsights_sitenote_note":"","_monsterinsights_sitenote_category":0},"product_brand":[],"product_cat":[18],"product_tag":[],"class_list":{"0":"post-249","1":"product","2":"type-product","3":"status-publish","4":"has-post-thumbnail","6":"product_cat-bez-kategorii","7":"clearfix","9":"first","10":"instock","11":"shipping-taxable","12":"purchasable","13":"product-type-simple"},"aioseo_notices":[],"jetpack_sharing_enabled":true,"_links":{"self":[{"href":"https:\/\/www.vipart.eu\/index.php\/wp-json\/wp\/v2\/product\/249","targetHints":{"allow":["GET"]}}],"collection":[{"href":"https:\/\/www.vipart.eu\/index.php\/wp-json\/wp\/v2\/product"}],"about":[{"href":"https:\/\/www.vipart.eu\/index.php\/wp-json\/wp\/v2\/types\/product"}],"replies":[{"embeddable":true,"href":"https:\/\/www.vipart.eu\/index.php\/wp-json\/wp\/v2\/comments?post=249"}],"wp:featuredmedia":[{"embeddable":true,"href":"https:\/\/www.vipart.eu\/index.php\/wp-json\/wp\/v2\/media\/248"}],"wp:attachment":[{"href":"https:\/\/www.vipart.eu\/index.php\/wp-json\/wp\/v2\/media?parent=249"}],"wp:term":[{"taxonomy":"product_brand","embeddable":true,"href":"https:\/\/www.vipart.eu\/index.php\/wp-json\/wp\/v2\/product_brand?post=249"},{"taxonomy":"product_cat","embeddable":true,"href":"https:\/\/www.vipart.eu\/index.php\/wp-json\/wp\/v2\/product_cat?post=249"},{"taxonomy":"product_tag","embeddable":true,"href":"https:\/\/www.vipart.eu\/index.php\/wp-json\/wp\/v2\/product_tag?post=249"}],"curies":[{"name":"wp","href":"https:\/\/api.w.org\/{rel}","templated":true}]}}